{"id":8556,"date":"2021-01-21T13:09:15","date_gmt":"2021-01-21T12:09:15","guid":{"rendered":"https:\/\/www.schroeter-feuerfest.de\/?page_id=8556"},"modified":"2022-11-21T11:48:16","modified_gmt":"2022-11-21T10:48:16","slug":"news","status":"publish","type":"page","link":"https:\/\/www.schroeter-feuerfest.de\/en\/news\/","title":{"rendered":"News"},"content":{"rendered":"<section class=\"l-section wpb_row height_custom color_primary with_img with_shape\"><div class=\"l-section-img\" role=\"img\" aria-label=\"feuerfeste spezial produkte\" data-img-width=\"1900\" data-img-height=\"500\" style=\"background-image: url(https:\/\/www.schroeter-feuerfest.de\/wp-content\/uploads\/2020\/12\/schroeter-feuerfest-baustoffe.jpg);background-repeat: no-repeat;\"><\/div><div class=\"l-section-shape type_triangle-2 pos_bottom\" style=\"height:20vh;color:var(--color-content-bg-alt)\"><svg xmlns=\"http:\/\/www.w3.org\/2000\/svg\" viewBox=\"0 0 64 8\" preserveAspectRatio=\"none\" width=\"100%\" height=\"100%\">\r\n\t<path fill=\"currentColor\" d=\"M64 8 L0 8 L0 0 L48 7.9 L64 0 Z\"\/>\r\n<\/svg><\/div><div class=\"l-section-h i-cf\"><div class=\"g-cols vc_row via_flex valign_top type_default stacking_default\"><div class=\"vc_col-sm-12 wpb_column vc_column_container\"><div class=\"vc_column-inner\"><div class=\"wpb_wrapper\"><div class=\"w-separator size_small\"><\/div><div class=\"w-separator size_custom\" style=\"height:20vh\"><\/div><\/div><\/div><\/div><\/div><\/div><\/section><section class=\"l-section wpb_row us_custom_c70c97eb height_custom\"><div class=\"l-section-h i-cf\"><div class=\"g-cols vc_row via_flex valign_top type_default stacking_default\"><div class=\"vc_col-sm-12 wpb_column vc_column_container us_animate_afl\" style=\"animation-delay:0.1s\"><div class=\"vc_column-inner\"><div class=\"wpb_wrapper\"><div class=\"wpb_text_column us_custom_6df4bc3a has_text_color\"><div class=\"wpb_wrapper\"><h3>News:<\/h3>\n<\/div><\/div><div class=\"w-separator us_custom_325a7bb0 size_custom with_line width_default thick_2 style_solid color_secondary align_center\" style=\"height:6px\"><div class=\"w-separator-h\"><\/div><\/div><\/div><\/div><\/div><\/div><\/div><\/section><section class=\"l-section wpb_row us_custom_5ee8eb5e height_custom\"><div class=\"l-section-h i-cf\"><div class=\"g-cols vc_row via_flex valign_top type_default stacking_default\"><div class=\"vc_col-sm-2 wpb_column vc_column_container us_animate_afr\" style=\"animation-delay:0.3s\"><div class=\"vc_column-inner\"><div class=\"wpb_wrapper\"><\/div><\/div><\/div><div class=\"vc_col-sm-8 wpb_column vc_column_container us_animate_afl\" style=\"animation-delay:0.3s\"><div class=\"vc_column-inner\"><div class=\"wpb_wrapper\"><div class=\"w-grid us_grid type_grid layout_8608 cols_1 preload_style_spinner\" id=\"us_grid_1\" style=\"--columns:1;--gap:1.5rem;\" data-filterable=\"true\"><style>.layout_8608 .w-grid-item-h{}@media(max-width:299px){.layout_8608 .usg_post_image_1{display:none!important}}.layout_8608 .usg_hwrapper_1{margin-left:10%!important;padding-top:6%!important;padding-bottom:6%!important;background:#ffffff!important}.layout_8608 .usg_post_image_1{width:40%!important;margin-left:-11%!important;margin-right:0!important;border:2px solid #ffffff!important}.layout_8608 .usg_vwrapper_1{width:58%!important;margin-left:5%!important}@media (max-width:600px){.layout_8608 .usg_hwrapper_1{margin-left:0!important;margin-right:0!important;padding-top:0!important;padding-bottom:0!important}.layout_8608 .usg_post_image_1{width:100%!important;margin-left:0!important;margin-right:0!important}.layout_8608 .usg_vwrapper_1{width:86%!important;margin:5% 7% 7% 7%!important}}<\/style><div class=\"w-grid-list\">\t<article class=\"w-grid-item size_1x1 post-8758 post type-post status-publish format-standard hentry category-news_en\" data-id=\"8758\">\r\n\t\t<div class=\"w-grid-item-h\">\r\n\t\t\t\t\t\t<div class=\"w-hwrapper usg_hwrapper_1 align_left valign_top wrap\"><div class=\"w-post-elm post_image usg_post_image_1 has_width stretched with_placeholder\"><img loading=\"lazy\" decoding=\"async\" width=\"500\" height=\"500\" src=\"https:\/\/www.schroeter-feuerfest.de\/wp-content\/uploads\/2020\/12\/schroeter_website_icon-1.png\" class=\"g-placeholder\" alt=\"\" srcset=\"https:\/\/www.schroeter-feuerfest.de\/wp-content\/uploads\/2020\/12\/schroeter_website_icon-1.png 500w, https:\/\/www.schroeter-feuerfest.de\/wp-content\/uploads\/2020\/12\/schroeter_website_icon-1-300x300.png 300w, https:\/\/www.schroeter-feuerfest.de\/wp-content\/uploads\/2020\/12\/schroeter_website_icon-1-150x150.png 150w\" sizes=\"auto, (max-width: 500px) 100vw, 500px\" \/><\/div><div class=\"w-vwrapper usg_vwrapper_1 align_left valign_top\"><time class=\"w-post-elm post_date usg_post_date_1 entry-date published\" datetime=\"2024-06-17T11:16:31+02:00\">17. June 2024<\/time><h2 class=\"w-post-elm post_title usg_post_title_1 entry-title color_link_inherit\">8 Monate Haltbarkeit &#8211; garantiert<\/h2><div class=\"w-post-elm post_content usg_post_content_1\"><p>Wir freuen uns, Ihnen unsere Neuentwicklung Isoplast 1300 SB mit einer garantierten Haltbarkeit von 8 Monaten vorstellen zu d\u00fcrfen.<\/p>\n<p>Die Anwendungseigenschaften des gebrauchsfertigen F\u00fcllstoffs auf Basis biol\u00f6slicher AES-Fasern sind vergleichbar mit unserem Vorg\u00e4ngerprodukt Isoplast 1250 SB mit deutlich l\u00e4ngerer Haltbarkeit und etwas h\u00f6herer Anwendungstemperatur. Das Produkt wird bereits erfolgreich in der Aluminiumindustrie und im Ofenbau eingesetzt, z.B. in der Fugenpflege von Plattensystemen. Das Produkt ist nicht gem\u00e4\u00df REACH, Anhang XVII eingestuft und daher nicht kennzeichnungspflichtig!<\/p>\n<p>Es ist in den Gebindegr\u00f6\u00dfen 8,5 kg, 15 kg und 25 kg sowie als 500-g-Kartusche erh\u00e4ltlich.<\/p>\n<p>Bitte kontaktieren Sie uns, um das Produkt in Ihrem Unternehmen zu testen oder wenn Sie eine separate Verpackungseinheit w\u00fcnschen.<\/p>\n<\/div><\/div><\/div>\t\t<\/div>\r\n\t\t\t<\/article>\r\n\t<article class=\"w-grid-item size_1x1 post-8564 post type-post status-publish format-standard has-post-thumbnail hentry category-news_en\" data-id=\"8564\">\r\n\t\t<div class=\"w-grid-item-h\">\r\n\t\t\t\t\t\t<div class=\"w-hwrapper usg_hwrapper_1 align_left valign_top wrap\"><div class=\"w-post-elm post_image usg_post_image_1 has_width stretched\"><img loading=\"lazy\" decoding=\"async\" width=\"500\" height=\"500\" src=\"https:\/\/www.schroeter-feuerfest.de\/wp-content\/uploads\/2020\/12\/schroeter_website_icon-1.png\" class=\"attachment-full size-full wp-post-image\" alt=\"geformte feuerfeste produkte\" srcset=\"https:\/\/www.schroeter-feuerfest.de\/wp-content\/uploads\/2020\/12\/schroeter_website_icon-1.png 500w, https:\/\/www.schroeter-feuerfest.de\/wp-content\/uploads\/2020\/12\/schroeter_website_icon-1-300x300.png 300w, https:\/\/www.schroeter-feuerfest.de\/wp-content\/uploads\/2020\/12\/schroeter_website_icon-1-150x150.png 150w\" sizes=\"auto, (max-width: 500px) 100vw, 500px\" \/><\/div><div class=\"w-vwrapper usg_vwrapper_1 align_left valign_top\"><time class=\"w-post-elm post_date usg_post_date_1 entry-date published\" datetime=\"2021-01-21T13:13:12+01:00\">21. January 2021<\/time><h2 class=\"w-post-elm post_title usg_post_title_1 entry-title color_link_inherit\">New website<\/h2><div class=\"w-post-elm post_content usg_post_content_1\"><p>We are very pleased to be able to present our new website to you with immediate effect. Not only visually, but also in terms of content and technology, our website has been fundamentally revised in close cooperation with the Innovedia Mediendesign agency.<\/p>\n<p>The website now appears in a modern look with a full-screen design, a clear navigation, an informative &#8220;News&#8221; area and other advantages.\u00a0When creating the website, the optimization for mobile devices was of course also in the foreground.<\/p>\n<p>The internet presence is now optimally displayed in the so-called responsive design on various end devices (desktop PC, tablet and smartphone).<\/p>\n<p>We hope you enjoy discovering our new website!<\/p>\n<\/div><\/div><\/div>\t\t<\/div>\r\n\t\t\t<\/article>\r\n<\/div>\t<div class=\"w-grid-preloader\">\r\n\t\t<div class=\"g-preloader type_1\">\r\n\t\t\t<div><\/div>\r\n\t\t<\/div>\r\n\t<\/div>\r\n\t\t<div class=\"w-grid-json hidden\" onclick='return {&quot;action&quot;:&quot;us_ajax_grid&quot;,&quot;infinite_scroll&quot;:0,&quot;max_num_pages&quot;:1,&quot;pagination&quot;:&quot;none&quot;,&quot;template_vars&quot;:{&quot;columns&quot;:&quot;1&quot;,&quot;exclude_items&quot;:&quot;none&quot;,&quot;img_size&quot;:&quot;default&quot;,&quot;ignore_items_size&quot;:0,&quot;items_layout&quot;:&quot;8608&quot;,&quot;items_offset&quot;:&quot;1&quot;,&quot;load_animation&quot;:&quot;none&quot;,&quot;overriding_link&quot;:&quot;{\\&quot;url\\&quot;:\\&quot;\\&quot;}&quot;,&quot;post_id&quot;:0,&quot;query_args&quot;:{&quot;post_type&quot;:[&quot;post&quot;],&quot;tax_query&quot;:[{&quot;taxonomy&quot;:&quot;category&quot;,&quot;field&quot;:&quot;slug&quot;,&quot;terms&quot;:[&quot;aktuelle-news&quot;,&quot;aktuelle_news&quot;,&quot;news_en&quot;]}],&quot;post_status&quot;:[&quot;publish&quot;],&quot;posts_per_page&quot;:&quot;5&quot;},&quot;orderby_query_args&quot;:{&quot;orderby&quot;:{&quot;date&quot;:&quot;DESC&quot;}},&quot;type&quot;:&quot;grid&quot;,&quot;us_grid_post_type&quot;:&quot;post&quot;,&quot;us_grid_ajax_index&quot;:1,&quot;us_grid_filter_query_string&quot;:null,&quot;us_grid_index&quot;:1,&quot;page_args&quot;:[],&quot;lang&quot;:&quot;en&quot;}}'><\/div>\r\n\t<\/div><div class=\"w-separator size_large\"><\/div><\/div><\/div><\/div><div class=\"vc_col-sm-2 wpb_column vc_column_container\"><div class=\"vc_column-inner\"><div class=\"wpb_wrapper\"><\/div><\/div><\/div><\/div><\/div><\/section><section class=\"l-section wpb_row us_custom_5fb9c346 height_custom\" id=\"first\"><div class=\"l-section-h i-cf\"><div class=\"g-cols vc_row via_flex valign_top type_default stacking_default\"><div class=\"vc_col-sm-12 wpb_column vc_column_container us_animate_afl\" style=\"animation-delay:0.5s\"><div class=\"vc_column-inner\"><div class=\"wpb_wrapper\"><div class=\"wpb_text_column\"><div class=\"wpb_wrapper\"><h4>Our services<\/h4>\n<\/div><\/div><div class=\"w-separator us_custom_6dc9c5a8 size_custom with_line width_default thick_2 style_solid color_secondary align_center\" style=\"height:6px\"><div class=\"w-separator-h\"><\/div><\/div><div class=\"w-separator size_small\"><\/div><div class=\"w-grid us_grid type_grid layout_8284 cols_2 preload_style_spinner ratio_4x3\" id=\"us_grid_2\" style=\"--columns:2;--gap:4px;--item-ratio:0.75;\" data-filterable=\"true\"><style>@media (max-width:600px){#us_grid_2{--columns:1!important}}.layout_8284 .w-grid-item-h{}.layout_8284 .usg_post_image_1{transition-duration:0.8s;transform-origin:100% 100%;transform:scale(1) translate(0%,0%)}.layout_8284 .w-grid-item-h:focus-within .usg_post_image_1,.layout_8284 .w-grid-item-h:hover .usg_post_image_1{transform:scale(1.3) translate(0%,0%);opacity:0.1}.layout_8284 .usg_post_title_1{transition-duration:0.4s;transform-origin:0% 0%;transform:scale(0.7) translate(0%,0%)}.layout_8284 .w-grid-item-h:focus-within .usg_post_title_1,.layout_8284 .w-grid-item-h:hover .usg_post_title_1{transform:scale(1) translate(0%,0%);opacity:1;color:var(--color-content-bg-alt)!important}.layout_8284 .usg_post_image_1{position:absolute!important;left:0!important;top:0!important;bottom:0!important;right:0!important}.layout_8284 .usg_vwrapper_1{position:absolute!important;top:0!important;right:0!important;bottom:0!important;left:0!important;padding:10%!important}.layout_8284 .usg_post_title_1{color:#ffffff!important;text-align:left!important;font-size:2.0rem!important;margin-bottom:1rem!important}<\/style><div class=\"w-grid-list\">\t<article class=\"w-grid-item size_1x1 post-8497 us_portfolio type-us_portfolio status-publish has-post-thumbnail hentry us_portfolio_category-produkte-en us_portfolio_category-products\" data-id=\"8497\">\r\n\t\t<div class=\"w-grid-item-h\">\r\n\t\t\t\t\t\t\t<a href=\"https:\/\/www.schroeter-feuerfest.de\/en\/portfolio\/shaped-products\/\" class=\"w-grid-item-anchor\" aria-label=\"Shaped products\"><\/a>\r\n\t\t\t\t\t\t<div class=\"w-post-elm post_image usg_post_image_1 stretched\"><img loading=\"lazy\" decoding=\"async\" width=\"600\" height=\"450\" src=\"https:\/\/www.schroeter-feuerfest.de\/wp-content\/uploads\/2020\/12\/schroeter_geformte-produkte.jpg\" class=\"attachment-full size-full wp-post-image\" alt=\"formenbau feuerfest\" srcset=\"https:\/\/www.schroeter-feuerfest.de\/wp-content\/uploads\/2020\/12\/schroeter_geformte-produkte.jpg 600w, https:\/\/www.schroeter-feuerfest.de\/wp-content\/uploads\/2020\/12\/schroeter_geformte-produkte-300x225.jpg 300w\" sizes=\"auto, (max-width: 600px) 100vw, 600px\" \/><\/div><div class=\"w-vwrapper usg_vwrapper_1 align_left valign_top\"><h2 class=\"w-post-elm post_title usg_post_title_1 has_text_color entry-title color_link_inherit\">Shaped products<\/h2><\/div>\t\t<\/div>\r\n\t\t\t<\/article>\r\n\t<article class=\"w-grid-item size_1x1 post-8489 us_portfolio type-us_portfolio status-publish has-post-thumbnail hentry us_portfolio_category-produkte-en us_portfolio_category-products\" data-id=\"8489\">\r\n\t\t<div class=\"w-grid-item-h\">\r\n\t\t\t\t\t\t\t<a href=\"https:\/\/www.schroeter-feuerfest.de\/en\/portfolio\/unshaped-products\/\" class=\"w-grid-item-anchor\" aria-label=\"Unshaped products\"><\/a>\r\n\t\t\t\t\t\t<div class=\"w-post-elm post_image usg_post_image_1 stretched\"><img loading=\"lazy\" decoding=\"async\" width=\"600\" height=\"450\" src=\"https:\/\/www.schroeter-feuerfest.de\/wp-content\/uploads\/2014\/09\/schroeter_plastische-massen.jpg\" class=\"attachment-full size-full wp-post-image\" alt=\"\" srcset=\"https:\/\/www.schroeter-feuerfest.de\/wp-content\/uploads\/2014\/09\/schroeter_plastische-massen.jpg 600w, https:\/\/www.schroeter-feuerfest.de\/wp-content\/uploads\/2014\/09\/schroeter_plastische-massen-300x225.jpg 300w\" sizes=\"auto, (max-width: 600px) 100vw, 600px\" \/><\/div><div class=\"w-vwrapper usg_vwrapper_1 align_left valign_top\"><h2 class=\"w-post-elm post_title usg_post_title_1 has_text_color entry-title color_link_inherit\">Unshaped products<\/h2><\/div>\t\t<\/div>\r\n\t\t\t<\/article>\r\n<\/div>\t<div class=\"w-grid-preloader\">\r\n\t\t<div class=\"g-preloader type_1\">\r\n\t\t\t<div><\/div>\r\n\t\t<\/div>\r\n\t<\/div>\r\n\t\t<div class=\"w-grid-json hidden\" onclick='return {&quot;action&quot;:&quot;us_ajax_grid&quot;,&quot;infinite_scroll&quot;:0,&quot;max_num_pages&quot;:1,&quot;pagination&quot;:&quot;none&quot;,&quot;template_vars&quot;:{&quot;columns&quot;:&quot;2&quot;,&quot;exclude_items&quot;:&quot;none&quot;,&quot;img_size&quot;:&quot;default&quot;,&quot;ignore_items_size&quot;:0,&quot;items_layout&quot;:&quot;8284&quot;,&quot;items_offset&quot;:&quot;1&quot;,&quot;load_animation&quot;:&quot;none&quot;,&quot;overriding_link&quot;:&quot;%7B%22type%22%3A%22post%22%7D&quot;,&quot;post_id&quot;:0,&quot;query_args&quot;:{&quot;post_type&quot;:[&quot;us_portfolio&quot;],&quot;tax_query&quot;:[{&quot;taxonomy&quot;:&quot;us_portfolio_category&quot;,&quot;field&quot;:&quot;slug&quot;,&quot;terms&quot;:[&quot;produkte&quot;,&quot;products&quot;]}],&quot;post_status&quot;:[&quot;publish&quot;],&quot;posts_per_page&quot;:&quot;2&quot;},&quot;orderby_query_args&quot;:{&quot;orderby&quot;:&quot;custom_field&quot;,&quot;meta_key&quot;:&quot;&quot;,&quot;order&quot;:&quot;DESC&quot;},&quot;type&quot;:&quot;grid&quot;,&quot;us_grid_post_type&quot;:&quot;us_portfolio&quot;,&quot;us_grid_ajax_index&quot;:2,&quot;us_grid_filter_query_string&quot;:null,&quot;us_grid_index&quot;:2,&quot;page_args&quot;:[],&quot;lang&quot;:&quot;en&quot;}}'><\/div>\r\n\t<\/div><div class=\"w-separator size_large\"><\/div><\/div><\/div><\/div><\/div><\/div><\/section><section class=\"l-section wpb_row height_custom\"><div class=\"l-section-h i-cf\"><div class=\"g-cols vc_row via_flex valign_top type_default stacking_default\"><div class=\"vc_col-sm-12 wpb_column vc_column_container\"><div class=\"vc_column-inner\"><div class=\"wpb_wrapper\"><\/div><\/div><\/div><\/div><\/div><\/section>\n","protected":false},"excerpt":{"rendered":"Unshaped products Mortars, Adhesives and Patch-material: We offer ready-to-use repair, leveling, painting, patching and ramming compounds and mortars. Raw materials based on alumina, silica, zirconium and fireclay as well as lightweight fillers and ceramic or biosoluble fibers are used. The binding systems range from ceramic to chemical to combined binders. The required processability is ensured...","protected":false},"author":1,"featured_media":0,"parent":0,"menu_order":5,"comment_status":"closed","ping_status":"closed","template":"","meta":{"footnotes":""},"class_list":["post-8556","page","type-page","status-publish","hentry"],"_links":{"self":[{"href":"https:\/\/www.schroeter-feuerfest.de\/en\/wp-json\/wp\/v2\/pages\/8556","targetHints":{"allow":["GET"]}}],"collection":[{"href":"https:\/\/www.schroeter-feuerfest.de\/en\/wp-json\/wp\/v2\/pages"}],"about":[{"href":"https:\/\/www.schroeter-feuerfest.de\/en\/wp-json\/wp\/v2\/types\/page"}],"author":[{"embeddable":true,"href":"https:\/\/www.schroeter-feuerfest.de\/en\/wp-json\/wp\/v2\/users\/1"}],"replies":[{"embeddable":true,"href":"https:\/\/www.schroeter-feuerfest.de\/en\/wp-json\/wp\/v2\/comments?post=8556"}],"version-history":[{"count":31,"href":"https:\/\/www.schroeter-feuerfest.de\/en\/wp-json\/wp\/v2\/pages\/8556\/revisions"}],"predecessor-version":[{"id":8720,"href":"https:\/\/www.schroeter-feuerfest.de\/en\/wp-json\/wp\/v2\/pages\/8556\/revisions\/8720"}],"wp:attachment":[{"href":"https:\/\/www.schroeter-feuerfest.de\/en\/wp-json\/wp\/v2\/media?parent=8556"}],"curies":[{"name":"wp","href":"https:\/\/api.w.org\/{rel}","templated":true}]}}